{"id":379,"date":"2019-10-17T22:52:05","date_gmt":"2019-10-17T20:52:05","guid":{"rendered":"http:\/\/rg-a.fr\/?page_id=379"},"modified":"2026-01-28T08:31:28","modified_gmt":"2026-01-28T07:31:28","slug":"evidence","status":"publish","type":"page","link":"http:\/\/rg-a.fr\/index.php\/evidence\/","title":{"rendered":"Evidence &#8211; Vannes"},"content":{"rendered":"<p>[et_pb_section fb_built=\u00a0\u00bb1&Prime; _builder_version=\u00a0\u00bb3.29.2&Prime; use_background_color_gradient=\u00a0\u00bbon\u00a0\u00bb background_image=\u00a0\u00bbhttp:\/\/rg-a.fr\/wp-content\/uploads\/2025\/11\/RGA_lgts_St_Anne_VANNES_a-12.jpg\u00a0\u00bb min_height=\u00a0\u00bb795px\u00a0\u00bb custom_margin=\u00a0\u00bb52px||50px|||\u00a0\u00bb custom_padding=\u00a0\u00bb25px|||||\u00a0\u00bb animation_style=\u00a0\u00bbfade\u00a0\u00bb animation_duration=\u00a0\u00bb500ms\u00a0\u00bb animation_delay=\u00a0\u00bb500ms\u00a0\u00bb fb_built=\u00a0\u00bb1&Prime; _i=\u00a0\u00bb0&Prime; _address=\u00a0\u00bb0&Prime;][et_pb_row _builder_version=\u00a0\u00bb3.29.2&Prime; custom_margin=\u00a0\u00bb23px|auto||auto||\u00a0\u00bb custom_padding=\u00a0\u00bb0px|||||\u00a0\u00bb _i=\u00a0\u00bb0&Prime; _address=\u00a0\u00bb0.0&Prime;][et_pb_column type=\u00a0\u00bb4_4&Prime; _builder_version=\u00a0\u00bb3.29.2&Prime; _i=\u00a0\u00bb0&Prime; _address=\u00a0\u00bb0.0.0&Prime;][et_pb_text _builder_version=\u00a0\u00bb3.29.2&Prime; background_layout=\u00a0\u00bbdark\u00a0\u00bb min_height=\u00a0\u00bb24px\u00a0\u00bb custom_padding=\u00a0\u00bb||0px|||\u00a0\u00bb animation_style=\u00a0\u00bbfade\u00a0\u00bb animation_duration=\u00a0\u00bb1500ms\u00a0\u00bb animation_delay=\u00a0\u00bb800ms\u00a0\u00bb _i=\u00a0\u00bb0&Prime; _address=\u00a0\u00bb0.0.0.0&Prime;]<\/p>\n<h3 style=\"text-align: center;\"><span style=\"color: #000000;\">R\u00e9sidence \u00c9VIDENCE<\/span><\/h3>\n<h3 style=\"text-align: center;\"><span color=\"#000000\" style=\"color: #000000;\"><span style=\"caret-color: #000000;\">\u00e0 Vannes<\/span><\/span><\/h3>\n<p>[\/et_pb_text][\/et_pb_column][\/et_pb_row][\/et_pb_section][et_pb_section fb_built=\u00a0\u00bb1&Prime; _builder_version=\u00a0\u00bb3.29.2&Prime; background_image=\u00a0\u00bbhttp:\/\/rg-a.fr\/wp-content\/uploads\/2025\/11\/RGA_lgts_St_Anne_VANNES_a-24.jpg\u00a0\u00bb min_height=\u00a0\u00bb805px\u00a0\u00bb custom_padding=\u00a0\u00bb||118px|||\u00a0\u00bb fb_built=\u00a0\u00bb1&Prime; _i=\u00a0\u00bb1&Prime; _address=\u00a0\u00bb1&Prime;][\/et_pb_section][et_pb_section fb_built=\u00a0\u00bb1&Prime; fullwidth=\u00a0\u00bbon\u00a0\u00bb _builder_version=\u00a0\u00bb3.29.2&Prime; fb_built=\u00a0\u00bb1&Prime; _i=\u00a0\u00bb2&Prime; _address=\u00a0\u00bb2&Prime;][et_pb_fullwidth_image src=\u00a0\u00bbhttp:\/\/rg-a.fr\/wp-content\/uploads\/2025\/11\/RGA_lgts_St_Anne_VANNES_a-37.jpg\u00a0\u00bb _builder_version=\u00a0\u00bb3.29.2&Prime; min_height=\u00a0\u00bb802.3px\u00a0\u00bb custom_padding=\u00a0\u00bb50px|||||\u00a0\u00bb _i=\u00a0\u00bb0&Prime; _address=\u00a0\u00bb2.0&Prime;][\/et_pb_fullwidth_image][\/et_pb_section][et_pb_section fb_built=\u00a0\u00bb1&Prime; fullwidth=\u00a0\u00bbon\u00a0\u00bb _builder_version=\u00a0\u00bb3.29.2&Prime; fb_built=\u00a0\u00bb1&Prime; _i=\u00a0\u00bb3&Prime; _address=\u00a0\u00bb3&Prime;][et_pb_fullwidth_image src=\u00a0\u00bbhttp:\/\/rg-a.fr\/wp-content\/uploads\/2025\/11\/RGA_lgts_St_Anne_VANNES_a-17.jpg\u00a0\u00bb _builder_version=\u00a0\u00bb3.29.2&Prime; min_height=\u00a0\u00bb1806.4px\u00a0\u00bb custom_margin=\u00a0\u00bb51px|||||\u00a0\u00bb _i=\u00a0\u00bb0&Prime; _address=\u00a0\u00bb3.0&Prime;][\/et_pb_fullwidth_image][\/et_pb_section][et_pb_section fb_built=\u00a0\u00bb1&Prime; _builder_version=\u00a0\u00bb3.29.2&Prime; min_height=\u00a0\u00bb594px\u00a0\u00bb custom_margin=\u00a0\u00bb20px||-189px|||\u00a0\u00bb custom_padding=\u00a0\u00bb0px|||||\u00a0\u00bb fb_built=\u00a0\u00bb1&Prime; _i=\u00a0\u00bb4&Prime; _address=\u00a0\u00bb4&Prime;][et_pb_row _builder_version=\u00a0\u00bb3.29.2&Prime; min_height=\u00a0\u00bb132px\u00a0\u00bb _i=\u00a0\u00bb0&Prime; _address=\u00a0\u00bb4.0&Prime;][et_pb_column type=\u00a0\u00bb4_4&Prime; _builder_version=\u00a0\u00bb3.29.2&Prime; _i=\u00a0\u00bb0&Prime; _address=\u00a0\u00bb4.0.0&Prime;][et_pb_toggle title=\u00a0\u00bbDESCRIPTIF DU PROJET\u00a0\u00bb open_toggle_background_color=\u00a0\u00bb#ffffff\u00a0\u00bb closed_toggle_background_color=\u00a0\u00bb#ffffff\u00a0\u00bb icon_color=\u00a0\u00bb#b3b3b3&Prime; use_icon_font_size=\u00a0\u00bbon\u00a0\u00bb icon_font_size=\u00a0\u00bb19px\u00a0\u00bb _builder_version=\u00a0\u00bb3.29.2&Prime; title_level=\u00a0\u00bbh4&Prime; animation_style=\u00a0\u00bbfade\u00a0\u00bb animation_duration=\u00a0\u00bb500ms\u00a0\u00bb animation_delay=\u00a0\u00bb500ms\u00a0\u00bb border_width_all=\u00a0\u00bb0px\u00a0\u00bb border_style_all=\u00a0\u00bbdotted\u00a0\u00bb border_width_bottom=\u00a0\u00bb6px\u00a0\u00bb border_style_bottom=\u00a0\u00bbridge\u00a0\u00bb _i=\u00a0\u00bb0&Prime; _address=\u00a0\u00bb4.0.0.0&Prime;]<\/p>\n<h5><b>PROGRAMME :<span class=\"Apple-converted-space\">\u00a0<\/span><\/b> 10 logements<\/h5>\n<h5><b>MAITRE D&rsquo;OUVRAGE :<\/b> FILY<\/h5>\n<h5><b>\u00c9QUIPE :<\/b> RGA architecte, Armor \u00e9conomie, Become<\/h5>\n<h5><\/h5>\n<h5><b>SURFACE :<\/b> 880 m2<\/h5>\n<h5><b>MISSION : <\/b> <span class=\"Apple-converted-space\">\u00a0 PC\/PRO\/DCE<\/span><\/h5>\n<h5><b>PHOTO : <\/b> <span class=\"Apple-converted-space\">\u00a0 INTERVAL, Fran\u00e7ois QUIDEAU<\/span><\/h5>\n<p>[\/et_pb_toggle][\/et_pb_column][\/et_pb_row][\/et_pb_section][et_pb_section fb_built=\u00a0\u00bb1&Prime; _builder_version=\u00a0\u00bb3.29.2&Prime; min_height=\u00a0\u00bb223px\u00a0\u00bb custom_margin=\u00a0\u00bb109px|||||\u00a0\u00bb fb_built=\u00a0\u00bb1&Prime; _i=\u00a0\u00bb5&Prime; _address=\u00a0\u00bb5&Prime;][et_pb_row _builder_version=\u00a0\u00bb3.29.2&Prime; custom_margin=\u00a0\u00bb-255px|auto||auto||\u00a0\u00bb _i=\u00a0\u00bb0&Prime; _address=\u00a0\u00bb5.0&Prime;][et_pb_column type=\u00a0\u00bb4_4&Prime; _builder_version=\u00a0\u00bb3.29.2&Prime; _i=\u00a0\u00bb0&Prime; _address=\u00a0\u00bb5.0.0&Prime;][et_pb_button button_url=\u00a0\u00bbhttp:\/\/rg-a.fr\/\u00a0\u00bb button_text=\u00a0\u00bbRETOUR\u00a0\u00bb button_alignment=\u00a0\u00bbcenter\u00a0\u00bb _builder_version=\u00a0\u00bb3.29.2&Prime; custom_button=\u00a0\u00bbon\u00a0\u00bb button_bg_color=\u00a0\u00bb#ffffff\u00a0\u00bb button_border_radius=\u00a0\u00bb44px\u00a0\u00bb button_use_icon=\u00a0\u00bboff\u00a0\u00bb _i=\u00a0\u00bb0&Prime; _address=\u00a0\u00bb5.0.0.0&Prime; button_bg_enable_color=\u00a0\u00bbon\u00a0\u00bb min_height=\u00a0\u00bb44px\u00a0\u00bb][\/et_pb_button][\/et_pb_column][\/et_pb_row][\/et_pb_section]<\/p>\n","protected":false},"excerpt":{"rendered":"<p>[et_pb_section fb_built=\u00a0\u00bb1&Prime; _builder_version=\u00a0\u00bb3.29.2&Prime; use_background_color_gradient=\u00a0\u00bbon\u00a0\u00bb background_image=\u00a0\u00bbhttp:\/\/rg-a.fr\/wp-content\/uploads\/2025\/11\/RGA_lgts_St_Anne_VANNES_a-12.jpg\u00a0\u00bb min_height=\u00a0\u00bb795px\u00a0\u00bb custom_margin=\u00a0\u00bb52px||50px|||\u00a0\u00bb custom_padding=\u00a0\u00bb25px|||||\u00a0\u00bb animation_style=\u00a0\u00bbfade\u00a0\u00bb animation_duration=\u00a0\u00bb500ms\u00a0\u00bb animation_delay=\u00a0\u00bb500ms\u00a0\u00bb fb_built=\u00a0\u00bb1&Prime; _i=\u00a0\u00bb0&Prime; _address=\u00a0\u00bb0&Prime;][et_pb_row _builder_version=\u00a0\u00bb3.29.2&Prime; custom_margin=\u00a0\u00bb23px|auto||auto||\u00a0\u00bb custom_padding=\u00a0\u00bb0px|||||\u00a0\u00bb _i=\u00a0\u00bb0&Prime; _address=\u00a0\u00bb0.0&Prime;][et_pb_column type=\u00a0\u00bb4_4&Prime; _builder_version=\u00a0\u00bb3.29.2&Prime; _i=\u00a0\u00bb0&Prime; _address=\u00a0\u00bb0.0.0&Prime;][et_pb_text _builder_version=\u00a0\u00bb3.29.2&Prime; background_layout=\u00a0\u00bbdark\u00a0\u00bb min_height=\u00a0\u00bb24px\u00a0\u00bb custom_padding=\u00a0\u00bb||0px|||\u00a0\u00bb animation_style=\u00a0\u00bbfade\u00a0\u00bb animation_duration=\u00a0\u00bb1500ms\u00a0\u00bb animation_delay=\u00a0\u00bb800ms\u00a0\u00bb _i=\u00a0\u00bb0&Prime; _address=\u00a0\u00bb0.0.0.0&Prime;] R\u00e9sidence \u00c9VIDENCE \u00e0 Vannes [\/et_pb_text][\/et_pb_column][\/et_pb_row][\/et_pb_section][et_pb_section fb_built=\u00a0\u00bb1&Prime; _builder_version=\u00a0\u00bb3.29.2&Prime; background_image=\u00a0\u00bbhttp:\/\/rg-a.fr\/wp-content\/uploads\/2025\/11\/RGA_lgts_St_Anne_VANNES_a-24.jpg\u00a0\u00bb min_height=\u00a0\u00bb805px\u00a0\u00bb custom_padding=\u00a0\u00bb||118px|||\u00a0\u00bb fb_built=\u00a0\u00bb1&Prime; _i=\u00a0\u00bb1&Prime; _address=\u00a0\u00bb1&Prime;][\/et_pb_section][et_pb_section fb_built=\u00a0\u00bb1&Prime; fullwidth=\u00a0\u00bbon\u00a0\u00bb _builder_version=\u00a0\u00bb3.29.2&Prime; fb_built=\u00a0\u00bb1&Prime; _i=\u00a0\u00bb2&Prime; _address=\u00a0\u00bb2&Prime;][et_pb_fullwidth_image src=\u00a0\u00bbhttp:\/\/rg-a.fr\/wp-content\/uploads\/2025\/11\/RGA_lgts_St_Anne_VANNES_a-37.jpg\u00a0\u00bb _builder_version=\u00a0\u00bb3.29.2&Prime; min_height=\u00a0\u00bb802.3px\u00a0\u00bb custom_padding=\u00a0\u00bb50px|||||\u00a0\u00bb [&hellip;]<\/p>\n","protected":false},"author":1,"featured_media":0,"parent":0,"menu_order":0,"comment_status":"closed","ping_status":"closed","template":"","meta":{"_et_pb_use_builder":"on","_et_pb_old_content":"","footnotes":""},"_links":{"self":[{"href":"http:\/\/rg-a.fr\/index.php\/wp-json\/wp\/v2\/pages\/379"}],"collection":[{"href":"http:\/\/rg-a.fr\/index.php\/wp-json\/wp\/v2\/pages"}],"about":[{"href":"http:\/\/rg-a.fr\/index.php\/wp-json\/wp\/v2\/types\/page"}],"author":[{"embeddable":true,"href":"http:\/\/rg-a.fr\/index.php\/wp-json\/wp\/v2\/users\/1"}],"replies":[{"embeddable":true,"href":"http:\/\/rg-a.fr\/index.php\/wp-json\/wp\/v2\/comments?post=379"}],"version-history":[{"count":12,"href":"http:\/\/rg-a.fr\/index.php\/wp-json\/wp\/v2\/pages\/379\/revisions"}],"predecessor-version":[{"id":668,"href":"http:\/\/rg-a.fr\/index.php\/wp-json\/wp\/v2\/pages\/379\/revisions\/668"}],"wp:attachment":[{"href":"http:\/\/rg-a.fr\/index.php\/wp-json\/wp\/v2\/media?parent=379"}],"curies":[{"name":"wp","href":"https:\/\/api.w.org\/{rel}","templated":true}]}}